{"id":305,"date":"2022-06-09T12:40:56","date_gmt":"2022-06-09T10:40:56","guid":{"rendered":"https:\/\/www.mecumunion.com\/faq\/"},"modified":"2022-06-09T12:41:56","modified_gmt":"2022-06-09T10:41:56","slug":"faq","status":"publish","type":"page","link":"https:\/\/www.mecumunion.com\/de\/faq\/","title":{"rendered":"FAQ"},"content":{"rendered":"<div class=\"wpb-content-wrapper\"><p>[vc_row][vc_column]<div class=\"acc_holder  rounded  \"><div class=\"acc_item\"><h4 class=\"accordion\"><span class=\"acc_control \"><\/span><span class=\"acc_heading\">Wer kann an unseren Kursen teilnehmen?<\/span><\/h4><div class=\"accordion_content\">Die Kurse sind f\u00fcr jedermann zug\u00e4nglich, Business-Pakete und Einzelkurse k\u00f6nnen erworben werden.<\/div><\/div><div class=\"acc_item\"><h4 class=\"accordion\"><span class=\"acc_control \"><\/span><span class=\"acc_heading\">Wie kann ich mich f\u00fcr die Kurse anmelden?<\/span><\/h4><div class=\"accordion_content\">Die Anmeldung zu Kursen ist sehr einfach, Sie m\u00fcssen die erforderlichen Daten eingeben und die Zahlung leisten, um auf die Kurse zugreifen zu k\u00f6nnen.<\/div><\/div><div class=\"acc_item\"><h4 class=\"accordion\"><span class=\"acc_control \"><\/span><span class=\"acc_heading\">Wird am Ende der Kurse ein Zertifikat ausgestellt?<\/span><\/h4><div class=\"accordion_content\">Am Ende der Kurse wird ein international anerkanntes Zertifikat ausgestellt<\/div><\/div><div class=\"acc_item\"><h4 class=\"accordion\"><span class=\"acc_control \"><\/span><span class=\"acc_heading\">Ist der Kurs immer verf\u00fcgbar oder muss man sich zu bestimmten Zeiten verbinden?<\/span><\/h4><div class=\"accordion_content\">Der Kurs ist 7 Tage die Woche verf\u00fcgbar, ohne Stundenpl\u00e4ne, der Kurs ist 24 Stunden am Tag verf\u00fcgbar.<\/div><\/div><div class=\"acc_item\"><h4 class=\"accordion\"><span class=\"acc_control \"><\/span><span class=\"acc_heading\">Ich habe ein Unternehmen: Kann ich den Kurs f\u00fcr einen oder mehrere meiner Mitarbeiter kaufen?<\/span><\/h4><div class=\"accordion_content\">Es besteht die M\u00f6glichkeit ein Kurspaket mit der gew\u00fcnschten Mitarbeiterzahl zu erwerben.<\/div><\/div><\/div>[\/vc_column][\/vc_row]<\/p>\n<\/div>","protected":false},"excerpt":{"rendered":"<p>[vc_row][vc_column][\/vc_column][\/vc_row]<\/p>\n","protected":false},"author":2,"featured_media":0,"parent":0,"menu_order":4,"comment_status":"closed","ping_status":"closed","template":"","meta":{"_acf_changed":false,"footnotes":""},"class_list":["post-305","page","type-page","status-publish","hentry"],"acf":[],"aioseo_notices":[],"_links":{"self":[{"href":"https:\/\/www.mecumunion.com\/de\/wp-json\/wp\/v2\/pages\/305","targetHints":{"allow":["GET"]}}],"collection":[{"href":"https:\/\/www.mecumunion.com\/de\/wp-json\/wp\/v2\/pages"}],"about":[{"href":"https:\/\/www.mecumunion.com\/de\/wp-json\/wp\/v2\/types\/page"}],"author":[{"embeddable":true,"href":"https:\/\/www.mecumunion.com\/de\/wp-json\/wp\/v2\/users\/2"}],"replies":[{"embeddable":true,"href":"https:\/\/www.mecumunion.com\/de\/wp-json\/wp\/v2\/comments?post=305"}],"version-history":[{"count":5,"href":"https:\/\/www.mecumunion.com\/de\/wp-json\/wp\/v2\/pages\/305\/revisions"}],"predecessor-version":[{"id":310,"href":"https:\/\/www.mecumunion.com\/de\/wp-json\/wp\/v2\/pages\/305\/revisions\/310"}],"wp:attachment":[{"href":"https:\/\/www.mecumunion.com\/de\/wp-json\/wp\/v2\/media?parent=305"}],"curies":[{"name":"wp","href":"https:\/\/api.w.org\/{rel}","templated":true}]}}